{"id":5864,"date":"2022-05-11T20:37:09","date_gmt":"2022-05-11T20:37:09","guid":{"rendered":"https:\/\/thalasso.intercontinental.com\/?page_id=5864"},"modified":"2023-09-05T00:31:55","modified_gmt":"2023-09-05T10:31:55","slug":"legal-notice","status":"publish","type":"page","link":"https:\/\/thalasso.intercontinental.com\/fr\/legal-notice","title":{"rendered":"Mentions L\u00e9gales"},"content":{"rendered":"<div data-elementor-type=\"wp-page\" data-elementor-id=\"5864\" class=\"elementor elementor-5864\" data-elementor-post-type=\"page\">\n\t\t\t\t\t\t<section class=\"elementor-section elementor-top-section elementor-element elementor-element-7f59c75 elementor-section-boxed elementor-section-height-default elementor-section-height-default\" data-id=\"7f59c75\" data-element_type=\"section\" data-settings=\"{&quot;jet_parallax_layout_list&quot;:[{&quot;jet_parallax_layout_image&quot;:{&quot;url&quot;:&quot;&quot;,&quot;id&quot;:&quot;&quot;,&quot;size&quot;:&quot;&quot;},&quot;_id&quot;:&quot;1c72b31&quot;,&quot;jet_parallax_layout_image_tablet&quot;:{&quot;url&quot;:&quot;&quot;,&quot;id&quot;:&quot;&quot;,&quot;size&quot;:&quot;&quot;},&quot;jet_parallax_layout_image_mobile&quot;:{&quot;url&quot;:&quot;&quot;,&quot;id&quot;:&quot;&quot;,&quot;size&quot;:&quot;&quot;},&quot;jet_parallax_layout_speed&quot;:{&quot;unit&quot;:&quot;%&quot;,&quot;size&quot;:50,&quot;sizes&quot;:[]},&quot;jet_parallax_layout_type&quot;:&quot;scroll&quot;,&quot;jet_parallax_layout_direction&quot;:null,&quot;jet_parallax_layout_fx_direction&quot;:null,&quot;jet_parallax_layout_z_index&quot;:&quot;&quot;,&quot;jet_parallax_layout_bg_x&quot;:50,&quot;jet_parallax_layout_bg_x_tablet&quot;:&quot;&quot;,&quot;jet_parallax_layout_bg_x_mobile&quot;:&quot;&quot;,&quot;jet_parallax_layout_bg_y&quot;:50,&quot;jet_parallax_layout_bg_y_tablet&quot;:&quot;&quot;,&quot;jet_parallax_layout_bg_y_mobile&quot;:&quot;&quot;,&quot;jet_parallax_layout_bg_size&quot;:&quot;auto&quot;,&quot;jet_parallax_layout_bg_size_tablet&quot;:&quot;&quot;,&quot;jet_parallax_layout_bg_size_mobile&quot;:&quot;&quot;,&quot;jet_parallax_layout_animation_prop&quot;:&quot;transform&quot;,&quot;jet_parallax_layout_on&quot;:[&quot;desktop&quot;,&quot;tablet&quot;]}]}\">\n\t\t\t\t\t\t<div class=\"elementor-container elementor-column-gap-default\">\n\t\t\t\t\t<div class=\"elementor-column elementor-col-100 elementor-top-column elementor-element elementor-element-53a7526\" data-id=\"53a7526\" data-element_type=\"column\">\n\t\t\t<div class=\"elementor-widget-wrap elementor-element-populated\">\n\t\t\t\t\t\t<div class=\"elementor-element elementor-element-e41677d elementor-widget elementor-widget-text-editor\" data-id=\"e41677d\" data-element_type=\"widget\" data-widget_type=\"text-editor.default\">\n\t\t\t\t<div class=\"elementor-widget-container\">\n\t\t\t\t\t\t\t<h1>Mentions L\u00e9gales<\/h1><h2>\u00a0<\/h2><p><em><strong>\u00c9diteur du site<\/strong><\/em><\/p><p><strong>Ce site est \u00e9dit\u00e9 par Beachcomber Thalasso SAS:<\/strong><br \/>\u2022 N\u00b0Tahiti : E29734<\/p><p><strong>Si\u00e8ge Social<\/strong><br \/>InterContinental Bora Bora Resort &amp; Thalasso Spa \u2013 BP 156 &#8211; 98730 Bora Bora &#8211; French Polynesia<br \/>Num\u00e9ro de t\u00e9l\u00e9phone : <a style=\"color: #88726b;\" href=\"tel:68940607617\">+689 40 60 76 17<\/a><br \/>E-mail : <a style=\"color: #88726b;\" href=\"mailto:gsc.boraboraspa@ihg.com\">gsc.boraboraspa@ihg.com<\/a><br \/>Directrice de Publication: Mme Val\u00e9rie GACHON, Directrice G\u00e9n\u00e9rale<\/p><p><em><strong>D\u00e9veloppement du site <\/strong><\/em><br \/>Le site a \u00e9t\u00e9 cr\u00e9e par QUO Global <a style=\"color: #88726b;\" href=\"https:\/\/www.quo-global.com\/\" target=\"_blank\" rel=\"noopener\">www.quo-global.com<\/a><\/p><p><em><strong> H\u00e9bergement du site <\/strong><\/em><br \/>L'h\u00e9bergement du site est fourni par OVH Cloud France. Adresse: 2 rue Kellermann 59100 Roubaix, FRANCE<br \/>Site web: <a style=\"color: #88726b;\" href=\"https:\/\/www.ovhcloud.com\/fr\/\">https:\/\/www.ovhcloud.com\/fr\/<\/a><\/p>\t\t\t\t\t\t<\/div>\n\t\t\t\t<\/div>\n\t\t\t\t\t<\/div>\n\t\t<\/div>\n\t\t\t\t\t<\/div>\n\t\t<\/section>\n\t\t\t\t<\/div>","protected":false},"excerpt":{"rendered":"<p>Legal Notice \u00a0 Site Editor This site is edited by Beachcomber Thalasso S.A.S.:\u2022 N\u00b0Tahiti : E29734 Head Office:InterContinental Bora Bora Resort &amp; Thalasso Spa \u2013 BP 156 &#8211; 98730 Bora Bora &#8211; French PolynesiaPhone Number : +689 40 60 76 17E-mail : gsc.boraboraspa@ihg.comPublishing Director: Mrs. Val\u00e9rie GACHON, General Manager Site Development The site has been [&hellip;]<\/p>","protected":false},"author":14,"featured_media":0,"parent":0,"menu_order":0,"comment_status":"closed","ping_status":"closed","template":"","meta":{"footnotes":""},"class_list":["post-5864","page","type-page","status-publish","hentry"],"acf":[],"yoast_head":"<!-- This site is optimized with the Yoast SEO plugin v22.4 - https:\/\/yoast.com\/wordpress\/plugins\/seo\/ -->\n<title>Legal Notice - InterContinental Bora Bora Resort &amp; Thalasso Spa<\/title>\n<meta name=\"robots\" content=\"index, follow, max-snippet:-1, max-image-preview:large, max-video-preview:-1\" \/>\n<link rel=\"canonical\" href=\"https:\/\/thalasso.intercontinental.com\/fr\/legal-notice\/\" \/>\n<meta property=\"og:locale\" content=\"fr_FR\" \/>\n<meta property=\"og:type\" content=\"article\" \/>\n<meta property=\"og:title\" content=\"Legal Notice - InterContinental Bora Bora Resort &amp; Thalasso Spa\" \/>\n<meta property=\"og:description\" content=\"Legal Notice \u00a0 Site Editor This site is edited by Beachcomber Thalasso S.A.S.:\u2022 N\u00b0Tahiti : E29734 Head Office:InterContinental Bora Bora Resort &amp; Thalasso Spa \u2013 BP 156 &#8211; 98730 Bora Bora &#8211; French PolynesiaPhone Number : +689 40 60 76 17E-mail : gsc.boraboraspa@ihg.comPublishing Director: Mrs. Val\u00e9rie GACHON, General Manager Site Development The site has been [&hellip;]\" \/>\n<meta property=\"og:url\" content=\"https:\/\/thalasso.intercontinental.com\/fr\/legal-notice\/\" \/>\n<meta property=\"og:site_name\" content=\"InterContinental Bora Bora Resort &amp; Thalasso Spa\" \/>\n<meta property=\"article:modified_time\" content=\"2023-09-05T10:31:55+00:00\" \/>\n<meta name=\"twitter:card\" content=\"summary_large_image\" \/>\n<meta name=\"twitter:label1\" content=\"Dur\u00e9e de lecture estim\u00e9e\" \/>\n\t<meta name=\"twitter:data1\" content=\"1 minute\" \/>\n<script type=\"application\/ld+json\" class=\"yoast-schema-graph\">{\"@context\":\"https:\/\/schema.org\",\"@graph\":[{\"@type\":\"WebPage\",\"@id\":\"https:\/\/thalasso.intercontinental.com\/legal-notice\",\"url\":\"https:\/\/thalasso.intercontinental.com\/legal-notice\",\"name\":\"Legal Notice - InterContinental Bora Bora Resort &amp; Thalasso Spa\",\"isPartOf\":{\"@id\":\"https:\/\/thalasso.intercontinental.com\/#website\"},\"datePublished\":\"2022-05-11T20:37:09+00:00\",\"dateModified\":\"2023-09-05T10:31:55+00:00\",\"inLanguage\":\"fr-FR\",\"potentialAction\":[{\"@type\":\"ReadAction\",\"target\":[\"https:\/\/thalasso.intercontinental.com\/legal-notice\"]}]},{\"@type\":\"WebSite\",\"@id\":\"https:\/\/thalasso.intercontinental.com\/#website\",\"url\":\"https:\/\/thalasso.intercontinental.com\/\",\"name\":\"InterContinental Bora Bora Resort &amp; Thalasso Spa\",\"description\":\"Luxury 5-star resort in Bora Bora\",\"publisher\":{\"@id\":\"https:\/\/thalasso.intercontinental.com\/#organization\"},\"potentialAction\":[{\"@type\":\"SearchAction\",\"target\":{\"@type\":\"EntryPoint\",\"urlTemplate\":\"https:\/\/thalasso.intercontinental.com\/?s={search_term_string}\"},\"query-input\":\"required name=search_term_string\"}],\"inLanguage\":\"fr-FR\"},{\"@type\":\"Organization\",\"@id\":\"https:\/\/thalasso.intercontinental.com\/#organization\",\"name\":\"InterContinental Bora Bora Resort &amp; Thalasso Spa\",\"url\":\"https:\/\/thalasso.intercontinental.com\/\",\"logo\":{\"@type\":\"ImageObject\",\"inLanguage\":\"fr-FR\",\"@id\":\"https:\/\/thalasso.intercontinental.com\/#\/schema\/logo\/image\/\",\"url\":\"https:\/\/thalasso.intercontinental.com\/wp-content\/uploads\/2021\/05\/dark.svg\",\"contentUrl\":\"https:\/\/thalasso.intercontinental.com\/wp-content\/uploads\/2021\/05\/dark.svg\",\"width\":100,\"height\":100,\"caption\":\"InterContinental Bora Bora Resort &amp; Thalasso Spa\"},\"image\":{\"@id\":\"https:\/\/thalasso.intercontinental.com\/#\/schema\/logo\/image\/\"}}]}<\/script>\n<!-- \/ Yoast SEO plugin. -->","yoast_head_json":{"title":"Legal Notice - InterContinental Bora Bora Resort &amp; Thalasso Spa","robots":{"index":"index","follow":"follow","max-snippet":"max-snippet:-1","max-image-preview":"max-image-preview:large","max-video-preview":"max-video-preview:-1"},"canonical":"https:\/\/thalasso.intercontinental.com\/fr\/legal-notice\/","og_locale":"fr_FR","og_type":"article","og_title":"Legal Notice - InterContinental Bora Bora Resort &amp; Thalasso Spa","og_description":"Legal Notice \u00a0 Site Editor This site is edited by Beachcomber Thalasso S.A.S.:\u2022 N\u00b0Tahiti : E29734 Head Office:InterContinental Bora Bora Resort &amp; Thalasso Spa \u2013 BP 156 &#8211; 98730 Bora Bora &#8211; French PolynesiaPhone Number : +689 40 60 76 17E-mail : gsc.boraboraspa@ihg.comPublishing Director: Mrs. Val\u00e9rie GACHON, General Manager Site Development The site has been [&hellip;]","og_url":"https:\/\/thalasso.intercontinental.com\/fr\/legal-notice\/","og_site_name":"InterContinental Bora Bora Resort &amp; Thalasso Spa","article_modified_time":"2023-09-05T10:31:55+00:00","twitter_card":"summary_large_image","twitter_misc":{"Dur\u00e9e de lecture estim\u00e9e":"1 minute"},"schema":{"@context":"https:\/\/schema.org","@graph":[{"@type":"WebPage","@id":"https:\/\/thalasso.intercontinental.com\/legal-notice","url":"https:\/\/thalasso.intercontinental.com\/legal-notice","name":"Legal Notice - InterContinental Bora Bora Resort &amp; Thalasso Spa","isPartOf":{"@id":"https:\/\/thalasso.intercontinental.com\/#website"},"datePublished":"2022-05-11T20:37:09+00:00","dateModified":"2023-09-05T10:31:55+00:00","inLanguage":"fr-FR","potentialAction":[{"@type":"ReadAction","target":["https:\/\/thalasso.intercontinental.com\/legal-notice"]}]},{"@type":"WebSite","@id":"https:\/\/thalasso.intercontinental.com\/#website","url":"https:\/\/thalasso.intercontinental.com\/","name":"InterContinental Bora Bora Resort &amp; Thalasso Spa","description":"Luxury 5-star resort in Bora Bora","publisher":{"@id":"https:\/\/thalasso.intercontinental.com\/#organization"},"potentialAction":[{"@type":"SearchAction","target":{"@type":"EntryPoint","urlTemplate":"https:\/\/thalasso.intercontinental.com\/?s={search_term_string}"},"query-input":"required name=search_term_string"}],"inLanguage":"fr-FR"},{"@type":"Organization","@id":"https:\/\/thalasso.intercontinental.com\/#organization","name":"InterContinental Bora Bora Resort &amp; Thalasso Spa","url":"https:\/\/thalasso.intercontinental.com\/","logo":{"@type":"ImageObject","inLanguage":"fr-FR","@id":"https:\/\/thalasso.intercontinental.com\/#\/schema\/logo\/image\/","url":"https:\/\/thalasso.intercontinental.com\/wp-content\/uploads\/2021\/05\/dark.svg","contentUrl":"https:\/\/thalasso.intercontinental.com\/wp-content\/uploads\/2021\/05\/dark.svg","width":100,"height":100,"caption":"InterContinental Bora Bora Resort &amp; Thalasso Spa"},"image":{"@id":"https:\/\/thalasso.intercontinental.com\/#\/schema\/logo\/image\/"}}]}},"_links":{"self":[{"href":"https:\/\/thalasso.intercontinental.com\/fr\/wp-json\/wp\/v2\/pages\/5864","targetHints":{"allow":["GET"]}}],"collection":[{"href":"https:\/\/thalasso.intercontinental.com\/fr\/wp-json\/wp\/v2\/pages"}],"about":[{"href":"https:\/\/thalasso.intercontinental.com\/fr\/wp-json\/wp\/v2\/types\/page"}],"author":[{"embeddable":true,"href":"https:\/\/thalasso.intercontinental.com\/fr\/wp-json\/wp\/v2\/users\/14"}],"replies":[{"embeddable":true,"href":"https:\/\/thalasso.intercontinental.com\/fr\/wp-json\/wp\/v2\/comments?post=5864"}],"version-history":[{"count":10,"href":"https:\/\/thalasso.intercontinental.com\/fr\/wp-json\/wp\/v2\/pages\/5864\/revisions"}],"predecessor-version":[{"id":8727,"href":"https:\/\/thalasso.intercontinental.com\/fr\/wp-json\/wp\/v2\/pages\/5864\/revisions\/8727"}],"wp:attachment":[{"href":"https:\/\/thalasso.intercontinental.com\/fr\/wp-json\/wp\/v2\/media?parent=5864"}],"curies":[{"name":"wp","href":"https:\/\/api.w.org\/{rel}","templated":true}]}}